{"id":98,"date":"2018-04-03T10:06:51","date_gmt":"2018-04-03T09:06:51","guid":{"rendered":"http:\/\/mi-architecture.ma\/?page_id=98"},"modified":"2023-02-27T17:44:34","modified_gmt":"2023-02-27T16:44:34","slug":"m-e-d-i-a-s","status":"publish","type":"page","link":"https:\/\/mi-architecture.ma\/?page_id=98","title":{"rendered":"MEDIAS"},"content":{"rendered":"<div>\n<div>\n<p><span style=\"font-size: 26pt;\"><strong><span style=\"color: #000000;\"><span style=\"color: #ff0000;\">|<\/span> REPORTAGES<\/span><\/strong><\/span><\/p>\n<div class=\"csRow\">&nbsp;<\/div>\n<div class=\"csColumn\" style=\"margin: 0px; padding: 0px; float: left; width: 20.8%;\" data-csstartpoint=\"0\" data-csendpoint=\"200\" data-cswidth=\"20.8%\" data-csid=\"3b91a3a0-da29-a8e0-b9f4-8955c7e77cc2\">\n<p style=\"text-align: justify;\"><span style=\"font-size: 16pt; color: #000000;\"><strong>2023<\/strong><\/span><\/p>\n<p style=\"text-align: left;\"><span style=\"font-size: 14pt; color: #000000;\">Restauration des sites de la medina de Tanger<\/span><br \/>\n<span style=\"font-size: 14pt; color: #000000;\"> Ouverture de la Tour Sainte Catheine apr\u00e8s sa restauration<\/span><\/p>\n<\/div>\n<div class=\"csColumnGap\" style=\"margin: 0px; padding: 0px; float: left; width: 1.04%;\"><img decoding=\"async\" style=\"border: none;\" src=\"http:\/\/mi-architecture.ma\/wp-content\/plugins\/advanced-wp-columns\/assets\/js\/plugins\/views\/img\/1x1-pixel.png\" alt=\"\"><\/div>\n<div class=\"csColumn\" style=\"margin: 0px; padding: 0px; float: left; width: 26%;\" data-csstartpoint=\"210\" data-csendpoint=\"460\" data-cswidth=\"26.0%\" data-csid=\"ceaa7eff-baf7-cd91-a032-b7ec6af1d3a3\">\n<div style=\"width: 300px;\" class=\"wp-video\"><!--[if lt IE 9]><script>document.createElement('video');<\/script><![endif]-->\n<video class=\"wp-video-shortcode\" id=\"video-98-1\" width=\"300\" height=\"150\" preload=\"metadata\" controls=\"controls\"><source type=\"video\/mp4\" src=\"http:\/\/mi-architecture.ma\/wp-content\/uploads\/Tour-Sainte-Catherine.mp4?_=1\" \/><a href=\"http:\/\/mi-architecture.ma\/wp-content\/uploads\/Tour-Sainte-Catherine.mp4\">http:\/\/mi-architecture.ma\/wp-content\/uploads\/Tour-Sainte-Catherine.mp4<\/a><\/video><\/div>\n<\/div>\n<div class=\"csColumnGap\" style=\"margin: 0px; padding: 0px; float: left; width: 4.17%;\"><img decoding=\"async\" style=\"border: none;\" src=\"http:\/\/mi-architecture.ma\/wp-content\/plugins\/advanced-wp-columns\/assets\/js\/plugins\/views\/img\/1x1-pixel.png\" alt=\"\"><\/div>\n<div class=\"csColumn\" style=\"margin: 0px; padding: 0px; float: left; width: 19.8%;\" data-csstartpoint=\"500\" data-csendpoint=\"690\" data-cswidth=\"19.8%\" data-csid=\"4c0a24d7-cd55-dd71-bf78-49c58a7a0ece\">\n<p style=\"text-align: justify;\"><span style=\"font-size: 16pt; color: #000000;\"><strong>2022<\/strong><\/span><\/p>\n<p style=\"text-align: left;\"><span style=\"font-size: 14pt; color: #000000;\">Reportage le 360<\/span><br \/>\n<span style=\"font-size: 14pt; color: #000000;\"> Ouverture de nouveau parking SIDI BOUABID \u00e0 Tanger<\/span><\/p>\n<\/div>\n<div class=\"csColumn\" style=\"margin: 0px; padding: 0px; float: left; width: 25%;\" data-csstartpoint=\"700\" data-csendpoint=\"960\" data-cswidth=\"27.1%\" data-csid=\"a8f0f4df-f729-8429-8b18-348edfaeffca\">\n<div style=\"width: 300px;\" class=\"wp-video\"><video class=\"wp-video-shortcode\" id=\"video-98-2\" width=\"300\" height=\"150\" preload=\"metadata\" controls=\"controls\"><source type=\"video\/mp4\" src=\"http:\/\/mi-architecture.ma\/wp-content\/uploads\/\u0633\u0627\u062d\u0629-\u0634\u0647\u064a\u0631\u0629-\u0628\u0637\u0646\u062c\u0629-\u062a\u062a\u0639\u0632\u0632-\u0628\u0645\u0648\u0642\u0641-\u0633\u064a\u0627\u0631\u0627\u062a-\u062c\u062f\u064a\u062f-\u0628\u0645\u0648\u0627\u0635\u0641\u0627\u062a-\u062f\u0648\u0644\u064a\u06291.mp4?_=2\" \/><a href=\"http:\/\/mi-architecture.ma\/wp-content\/uploads\/\u0633\u0627\u062d\u0629-\u0634\u0647\u064a\u0631\u0629-\u0628\u0637\u0646\u062c\u0629-\u062a\u062a\u0639\u0632\u0632-\u0628\u0645\u0648\u0642\u0641-\u0633\u064a\u0627\u0631\u0627\u062a-\u062c\u062f\u064a\u062f-\u0628\u0645\u0648\u0627\u0635\u0641\u0627\u062a-\u062f\u0648\u0644\u064a\u06291.mp4\">http:\/\/mi-architecture.ma\/wp-content\/uploads\/\u0633\u0627\u062d\u0629-\u0634\u0647\u064a\u0631\u0629-\u0628\u0637\u0646\u062c\u0629-\u062a\u062a\u0639\u0632\u0632-\u0628\u0645\u0648\u0642\u0641-\u0633\u064a\u0627\u0631\u0627\u062a-\u062c\u062f\u064a\u062f-\u0628\u0645\u0648\u0627\u0635\u0641\u0627\u062a-\u062f\u0648\u0644\u064a\u06291.mp4<\/a><\/video><\/div>\n<div>&nbsp;<\/div>\n<\/div>\n<div class=\"csRow\">\n<div class=\"csColumn\" style=\"margin: 0px; padding: 0px; float: left; width: 20.8%;\" data-csstartpoint=\"0\" data-csendpoint=\"200\" data-cswidth=\"20.8%\" data-csid=\"3b91a3a0-da29-a8e0-b9f4-8955c7e77cc2\">\n<p style=\"text-align: justify;\"><span style=\"font-size: 16pt; color: #000000;\"><strong>2019<\/strong><\/span><\/p>\n<p style=\"text-align: left;\"><span style=\"font-size: 14pt; color: #000000;\">Reportage Hespress<\/span><br \/>\n<span style=\"font-size: 14pt; color: #000000;\"> Ouverture des nouvelles toilettes publiques et Douche Publiques de la corniche de Tanger<\/span><\/p>\n<\/div>\n<div class=\"csColumnGap\" style=\"margin: 0px; padding: 0px; float: left; width: 1.04%;\"><img decoding=\"async\" style=\"border: none;\" src=\"http:\/\/mi-architecture.ma\/wp-content\/plugins\/advanced-wp-columns\/assets\/js\/plugins\/views\/img\/1x1-pixel.png\" alt=\"\"><\/div>\n<div class=\"csColumn\" style=\"margin: 0px; padding: 0px; float: left; width: 26%;\" data-csstartpoint=\"210\" data-csendpoint=\"460\" data-cswidth=\"26.0%\" data-csid=\"ceaa7eff-baf7-cd91-a032-b7ec6af1d3a3\">\n<div style=\"width: 300px;\" class=\"wp-video\"><video class=\"wp-video-shortcode\" id=\"video-98-3\" width=\"300\" height=\"150\" preload=\"metadata\" controls=\"controls\"><source type=\"video\/mp4\" src=\"http:\/\/mi-architecture.ma\/wp-content\/uploads\/\u0645\u0631\u0627\u062d\u064a\u0636-\u0648\u0631\u0634\u0627\u0634\u0627\u062a-\u0639\u0645\u0648\u0645\u064a\u0629-\u0628\u0627\u0644\u0645\u062c\u0627\u0646-\u0628\u0643\u0648\u0631\u0646\u064a\u0634-\u0645\u062f\u064a\u0646\u0629-\u0637\u0646\u062c\u0629.mp4?_=3\" \/><a href=\"http:\/\/mi-architecture.ma\/wp-content\/uploads\/\u0645\u0631\u0627\u062d\u064a\u0636-\u0648\u0631\u0634\u0627\u0634\u0627\u062a-\u0639\u0645\u0648\u0645\u064a\u0629-\u0628\u0627\u0644\u0645\u062c\u0627\u0646-\u0628\u0643\u0648\u0631\u0646\u064a\u0634-\u0645\u062f\u064a\u0646\u0629-\u0637\u0646\u062c\u0629.mp4\">http:\/\/mi-architecture.ma\/wp-content\/uploads\/\u0645\u0631\u0627\u062d\u064a\u0636-\u0648\u0631\u0634\u0627\u0634\u0627\u062a-\u0639\u0645\u0648\u0645\u064a\u0629-\u0628\u0627\u0644\u0645\u062c\u0627\u0646-\u0628\u0643\u0648\u0631\u0646\u064a\u0634-\u0645\u062f\u064a\u0646\u0629-\u0637\u0646\u062c\u0629.mp4<\/a><\/video><\/div>\n<\/div>\n<div class=\"csColumnGap\" style=\"margin: 0px; padding: 0px; float: left; width: 4.17%;\"><img decoding=\"async\" style=\"border: none;\" src=\"http:\/\/mi-architecture.ma\/wp-content\/plugins\/advanced-wp-columns\/assets\/js\/plugins\/views\/img\/1x1-pixel.png\" alt=\"\"><\/div>\n<div class=\"csColumn\" style=\"margin: 0px; padding: 0px; float: left; width: 19.8%;\" data-csstartpoint=\"500\" data-csendpoint=\"690\" data-cswidth=\"19.8%\" data-csid=\"4c0a24d7-cd55-dd71-bf78-49c58a7a0ece\">\n<p style=\"text-align: justify;\"><span style=\"font-size: 16pt; color: #000000;\"><strong>2017<\/strong><\/span><\/p>\n<p style=\"text-align: left;\"><span style=\"font-size: 14pt; color: #000000;\">Journal t\u00e9l\u00e9vis\u00e9<\/span><br \/>\n<span style=\"font-size: 14pt; color: #000000;\"> Ouverture des nouveaux parkings souterrains de la corniche de Tanger<\/span><\/p>\n<\/div>\n<div class=\"csColumnGap\" style=\"margin: 0px; padding: 0px; float: left; width: 1.04%;\"><img decoding=\"async\" style=\"border: none;\" src=\"http:\/\/mi-architecture.ma\/wp-content\/plugins\/advanced-wp-columns\/assets\/js\/plugins\/views\/img\/1x1-pixel.png\" alt=\"\"><\/div>\n<div class=\"csColumn\" style=\"margin: 0px; padding: 0px; float: left; width: 27.1%;\" data-csstartpoint=\"700\" data-csendpoint=\"960\" data-cswidth=\"27.1%\" data-csid=\"a8f0f4df-f729-8429-8b18-348edfaeffca\">\n<div style=\"width: 300px;\" class=\"wp-video\"><video class=\"wp-video-shortcode\" id=\"video-98-4\" width=\"300\" height=\"150\" preload=\"metadata\" controls=\"controls\"><source type=\"video\/mp4\" src=\"http:\/\/mi-architecture.ma\/wp-content\/uploads\/Reportage-17-09-2017-Parkings-Corniche-Tanger-.mp4?_=4\" \/><a href=\"http:\/\/mi-architecture.ma\/wp-content\/uploads\/Reportage-17-09-2017-Parkings-Corniche-Tanger-.mp4\">http:\/\/mi-architecture.ma\/wp-content\/uploads\/Reportage-17-09-2017-Parkings-Corniche-Tanger-.mp4<\/a><\/video><\/div>\n<\/div>\n<\/div>\n<div class=\"csColumn\" style=\"margin: 0px; padding: 0px; float: left; width: 20.8%;\" data-csstartpoint=\"0\" data-csendpoint=\"200\" data-cswidth=\"20.8%\" data-csid=\"3b91a3a0-da29-a8e0-b9f4-8955c7e77cc2\">\n<p style=\"text-align: justify;\"><span style=\"font-size: 16pt; color: #000000;\"><strong>2015<\/strong><\/span><\/p>\n<p style=\"text-align: left;\"><span style=\"font-size: 14pt; color: #000000;\">Journal T\u00e9l\u00e9vis\u00e9<\/span><br \/>\n<span style=\"font-size: 14pt; color: #000000;\"> Inauguration Royale des nouveaux parkings souterrains&nbsp; de Tanger<\/span><\/p>\n<\/div>\n<div class=\"csColumnGap\" style=\"margin: 0px; padding: 0px; float: left; width: 1.04%;\"><img decoding=\"async\" style=\"border: none;\" src=\"http:\/\/mi-architecture.ma\/wp-content\/plugins\/advanced-wp-columns\/assets\/js\/plugins\/views\/img\/1x1-pixel.png\" alt=\"\"><\/div>\n<div class=\"csColumn\" style=\"margin: 0px; padding: 0px; float: left; width: 26%;\" data-csstartpoint=\"210\" data-csendpoint=\"460\" data-cswidth=\"26.0%\" data-csid=\"ceaa7eff-baf7-cd91-a032-b7ec6af1d3a3\">\n<div style=\"width: 300px;\" class=\"wp-video\"><video class=\"wp-video-shortcode\" id=\"video-98-5\" width=\"300\" height=\"150\" preload=\"metadata\" controls=\"controls\"><source type=\"video\/mp4\" src=\"http:\/\/mi-architecture.ma\/wp-content\/uploads\/\u0637\u0646\u062c\u0629-\u0627\u0644\u0643\u0628\u0631\u064e\u0649_-\u0627\u0644\u0645\u0644\u0643-\u064a\u062f\u0634\u0646-\u0627\u0644\u0645\u0634\u0627\u0631\u064a\u0639-\u0627\u0644\u062c\u062f\u064a\u062f\u0629-2.mp4?_=5\" \/><a href=\"http:\/\/mi-architecture.ma\/wp-content\/uploads\/\u0637\u0646\u062c\u0629-\u0627\u0644\u0643\u0628\u0631\u064e\u0649_-\u0627\u0644\u0645\u0644\u0643-\u064a\u062f\u0634\u0646-\u0627\u0644\u0645\u0634\u0627\u0631\u064a\u0639-\u0627\u0644\u062c\u062f\u064a\u062f\u0629-2.mp4\">http:\/\/mi-architecture.ma\/wp-content\/uploads\/\u0637\u0646\u062c\u0629-\u0627\u0644\u0643\u0628\u0631\u064e\u0649_-\u0627\u0644\u0645\u0644\u0643-\u064a\u062f\u0634\u0646-\u0627\u0644\u0645\u0634\u0627\u0631\u064a\u0639-\u0627\u0644\u062c\u062f\u064a\u062f\u0629-2.mp4<\/a><\/video><\/div>\n<\/div>\n<\/div>\n<div style=\"clear: both; float: none; display: block; visibility: hidden; width: 0px; font-size: 0px; line-height: 0;\">&nbsp;<\/div>\n<div><span style=\"font-size: 26pt;\"><strong><span style=\"color: #000000;\"><span style=\"color: #ff0000;\"><br class=\"nc\"><br class=\"nc\">|<\/span> ARTICLES<\/span><\/strong><\/span><\/div>\n<div>\n<div class=\"csRow\">\n<div class=\"csColumn\" style=\"margin: 0px; padding: 0px; float: left; width: 18.2%;\" data-csstartpoint=\"0\" data-csendpoint=\"175\" data-cswidth=\"18.2%\" data-csid=\"d2a66e91-12ac-9947-b1b3-149f8dee49c2\">\n<p style=\"text-align: left;\"><span style=\"font-size: 16pt;\"><strong><span style=\"color: #000000;\">2003<\/span><\/strong><\/span><\/p>\n<p style=\"text-align: left;\"><span style=\"color: #000000; font-size: 14pt;\">Magazine\/ Maisons du Maroc&nbsp;N\u00b063<\/span><\/p>\n<p><span style=\"color: #000000; font-size: 14pt;\">Projet\/ Villa pour un particulier \u00e0 Casablanca<\/span><\/p>\n<\/div>\n<div class=\"csColumnGap\" style=\"margin: 0px; padding: 0px; float: left; width: 1.56%;\"><img decoding=\"async\" style=\"border: none;\" src=\"http:\/\/mi-architecture.ma\/wp-content\/plugins\/advanced-wp-columns\/assets\/js\/plugins\/views\/img\/1x1-pixel.png\" alt=\"\"><\/div>\n<div class=\"csColumn\" style=\"margin: 0px; padding: 0px; float: left; width: 28.1%;\" data-csstartpoint=\"190\" data-csendpoint=\"460\" data-cswidth=\"28.1%\" data-csid=\"d56e456f-b605-28f7-ad08-b013db9e7ed8\">\n<p><span style=\"color: #000000; font-size: 14pt;\"><img decoding=\"async\" loading=\"lazy\" class=\"alignnone wp-image-1539 size-full\" src=\"http:\/\/mi-architecture.ma\/wp-content\/uploads\/imagemagazine2.jpg\" alt=\"\" width=\"550\" height=\"785\" srcset=\"https:\/\/mi-architecture.ma\/wp-content\/uploads\/imagemagazine2.jpg 550w, https:\/\/mi-architecture.ma\/wp-content\/uploads\/imagemagazine2-210x300.jpg 210w\" sizes=\"(max-width: 550px) 100vw, 550px\" \/><\/span><\/p>\n<\/div>\n<div class=\"csColumnGap\" style=\"margin: 0px; padding: 0px; float: left; width: 4.17%;\"><img decoding=\"async\" style=\"border: none;\" src=\"http:\/\/mi-architecture.ma\/wp-content\/plugins\/advanced-wp-columns\/assets\/js\/plugins\/views\/img\/1x1-pixel.png\" alt=\"\"><\/div>\n<div class=\"csColumn\" style=\"margin: 0px; padding: 0px; float: left; width: 17.7%;\" data-csstartpoint=\"500\" data-csendpoint=\"670\" data-cswidth=\"17.7%\" data-csid=\"66571998-27ff-b349-b08e-154aae16a8ff\">\n<p style=\"text-align: left;\"><span style=\"font-size: 16pt;\"><strong><span style=\"color: #000000;\">2002<\/span><\/strong><\/span><\/p>\n<p style=\"text-align: left;\"><span style=\"color: #000000; font-size: 14pt;\">Magazine\/ Architecture du Maroc&nbsp;N\u00b07<\/span><\/p>\n<p><span style=\"color: #000000; font-size: 14pt;\">Projet\/ Salle Couverte de Taza<\/span><\/p>\n<\/div>\n<div class=\"csColumnGap\" style=\"margin: 0px; padding: 0px; float: left; width: 1.56%;\"><img decoding=\"async\" style=\"border: none;\" src=\"http:\/\/mi-architecture.ma\/wp-content\/plugins\/advanced-wp-columns\/assets\/js\/plugins\/views\/img\/1x1-pixel.png\" alt=\"\"><\/div>\n<div class=\"csColumn\" style=\"margin: 0px; padding: 0px; float: left; width: 28.5%;\" data-csstartpoint=\"685\" data-csendpoint=\"959\" data-cswidth=\"28.5%\" data-csid=\"fc68a9d5-81e8-f9cf-a94a-22ba2fc26334\">\n<p><img decoding=\"async\" loading=\"lazy\" class=\"alignnone wp-image-1538 size-full\" src=\"http:\/\/mi-architecture.ma\/wp-content\/uploads\/imagemagazine1.jpg\" alt=\"\" width=\"550\" height=\"785\" srcset=\"https:\/\/mi-architecture.ma\/wp-content\/uploads\/imagemagazine1.jpg 550w, https:\/\/mi-architecture.ma\/wp-content\/uploads\/imagemagazine1-210x300.jpg 210w\" sizes=\"(max-width: 550px) 100vw, 550px\" \/><\/p>\n<\/div>\n<div class=\"csColumnGap\" style=\"margin: 0px; padding: 0px; float: left; width: 0.104%;\"><img decoding=\"async\" style=\"border: none;\" src=\"http:\/\/mi-architecture.ma\/wp-content\/plugins\/advanced-wp-columns\/assets\/js\/plugins\/views\/img\/1x1-pixel.png\" alt=\"\"><\/div>\n<div style=\"clear: both; float: none; display: block; visibility: hidden; width: 0px; font-size: 0px; line-height: 0;\">&nbsp;<\/div>\n<\/div>\n<\/div>\n<\/div>\n","protected":false},"excerpt":{"rendered":"<p>| REPORTAGES &nbsp; 2023 Restauration des sites de la medina de Tanger Ouverture de la Tour Sainte Catheine apr\u00e8s sa restauration 2022 Reportage le 360 Ouverture de nouveau parking SIDI BOUABID \u00e0 Tanger &nbsp; 2019 Reportage Hespress Ouverture des nouvelles toilettes publiques et Douche Publiques de la corniche de Tanger 2017 Journal t\u00e9l\u00e9vis\u00e9 Ouverture des nouveaux parkings souterrains de la corniche de Tanger 2015 Journal T\u00e9l\u00e9vis\u00e9 Inauguration Royale des nouveaux parkings souterrains&nbsp; de Tanger &nbsp; | ARTICLES 2003 Magazine\/ Maisons du Maroc&nbsp;N\u00b063 Projet\/ Villa pour un particulier \u00e0 Casablanca 2002 Magazine\/ Architecture du Maroc&nbsp;N\u00b07 Projet\/ Salle Couverte de Taza &nbsp;<\/p>\n","protected":false},"author":1,"featured_media":0,"parent":0,"menu_order":0,"comment_status":"open","ping_status":"open","template":"","meta":[],"_links":{"self":[{"href":"https:\/\/mi-architecture.ma\/index.php?rest_route=\/wp\/v2\/pages\/98"}],"collection":[{"href":"https:\/\/mi-architecture.ma\/index.php?rest_route=\/wp\/v2\/pages"}],"about":[{"href":"https:\/\/mi-architecture.ma\/index.php?rest_route=\/wp\/v2\/types\/page"}],"author":[{"embeddable":true,"href":"https:\/\/mi-architecture.ma\/index.php?rest_route=\/wp\/v2\/users\/1"}],"replies":[{"embeddable":true,"href":"https:\/\/mi-architecture.ma\/index.php?rest_route=%2Fwp%2Fv2%2Fcomments&post=98"}],"version-history":[{"count":267,"href":"https:\/\/mi-architecture.ma\/index.php?rest_route=\/wp\/v2\/pages\/98\/revisions"}],"predecessor-version":[{"id":2406,"href":"https:\/\/mi-architecture.ma\/index.php?rest_route=\/wp\/v2\/pages\/98\/revisions\/2406"}],"wp:attachment":[{"href":"https:\/\/mi-architecture.ma\/index.php?rest_route=%2Fwp%2Fv2%2Fmedia&parent=98"}],"curies":[{"name":"wp","href":"https:\/\/api.w.org\/{rel}","templated":true}]}}