{"id":2,"date":"2018-03-21T17:51:47","date_gmt":"2018-03-21T17:51:47","guid":{"rendered":"http:\/\/mi-architecture.ma\/?page_id=2"},"modified":"2018-08-02T15:51:20","modified_gmt":"2018-08-02T14:51:20","slug":"page-d-exemple","status":"publish","type":"page","link":"https:\/\/mi-architecture.ma\/","title":{"rendered":"ACCUEIL"},"content":{"rendered":"<div>\n&nbsp;<\/p>\n<p style=\"text-align: justify;\"><span style=\"color: #000000; font-size: 14pt;\">Mountassir Ilyassa Architecture est une agence d\u2019architecture bas\u00e9e sur Casablanca. Elle prend sa place dans le d\u00e9bat architectural marocain : commandes, concours publics et priv\u00e9s, publications et enseignement p\u00e9dagogique.<\/span><\/p>\n<p><img decoding=\"async\" loading=\"lazy\" class=\"alignnone wp-image-1198 size-full\" src=\"http:\/\/mi-architecture.ma\/wp-content\/uploads\/01_image5.jpg\" alt=\"01_image\" width=\"1900\" height=\"652\" srcset=\"https:\/\/mi-architecture.ma\/wp-content\/uploads\/01_image5.jpg 1900w, https:\/\/mi-architecture.ma\/wp-content\/uploads\/01_image5-300x102.jpg 300w, https:\/\/mi-architecture.ma\/wp-content\/uploads\/01_image5-1024x351.jpg 1024w\" sizes=\"(max-width: 1900px) 100vw, 1900px\" \/><\/p>\n<\/div>\n<div>\n&nbsp;<\/p>\n<p style=\"text-align: justify;\"><span style=\"font-size: 26pt;\"><strong><span style=\"color: #000000;\"><span style=\"color: #ff0000;\">|<\/span>\u00a0PHILOSOPHIE<\/span><\/strong><\/span><\/p>\n<p style=\"text-align: justify;\"><span style=\"color: #000000; font-size: 14pt;\">Au centre de nos pr\u00e9occupations se trouvent 3 \u00e9l\u00e9ments: les besoins du client et des usagers, le contexte physique du projet et le contexte culturel et historique.<br \/>\nNous avons la certitude que, pour r\u00e9pondre aux exigences actuelles et accompagner le d\u00e9veloppement acc\u00e9l\u00e9r\u00e9 du pays, l\u2019am\u00e9nageur, l\u2019urbaniste et l\u2019architecte devront penser et concevoir l\u2019espace en s\u2019inspirant des concepts urbains et architecturaux contemporains \u00e0 travers les diff\u00e9rentes r\u00e9alisations \u00e0 l\u2019\u00e9chelle internationale tout en les combinant avec les caract\u00e9ristiques de l\u2019h\u00e9ritage culturel du royaume.<\/span><\/p>\n<p><img decoding=\"async\" loading=\"lazy\" class=\"alignnone wp-image-1204 size-full\" src=\"http:\/\/mi-architecture.ma\/wp-content\/uploads\/02_image1.jpg\" alt=\"02_image\" width=\"1900\" height=\"652\" srcset=\"https:\/\/mi-architecture.ma\/wp-content\/uploads\/02_image1.jpg 1900w, https:\/\/mi-architecture.ma\/wp-content\/uploads\/02_image1-300x102.jpg 300w, https:\/\/mi-architecture.ma\/wp-content\/uploads\/02_image1-1024x351.jpg 1024w\" sizes=\"(max-width: 1900px) 100vw, 1900px\" \/><\/p>\n<\/div>\n<div>\n&nbsp;<\/p>\n<p style=\"text-align: justify;\"><strong><span style=\"color: #000000; font-size: 26pt;\"><span style=\"color: #ff0000;\">|<\/span>\u00a0SAVOIR-FAIRE<\/span><\/strong><\/p>\n<p style=\"text-align: justify;\"><span style=\"color: #000000; font-size: 14pt;\">Actifs depuis 2000 apr\u00e8s une exp\u00e9rience fructueuse en Suisse, nous mettons notre savoir-faire acquis \u00e0 la disposition de nos clients d\u00e8s les premi\u00e8res esquisses jusqu\u2019\u00e0 la livraison tout en s\u2019adaptant au contexte marocain. Gr\u00e2ce \u00e0 un r\u00e9seau de partenaires experts, nous r\u00e9alisons divers projets dans de nombreux domaines sp\u00e9cifiques.<\/span><\/p>\n<p><img decoding=\"async\" loading=\"lazy\" class=\"alignnone size-full wp-image-1221\" src=\"http:\/\/mi-architecture.ma\/wp-content\/uploads\/03_image1.jpg\" alt=\"03_image\" width=\"1900\" height=\"652\" srcset=\"https:\/\/mi-architecture.ma\/wp-content\/uploads\/03_image1.jpg 1900w, https:\/\/mi-architecture.ma\/wp-content\/uploads\/03_image1-300x102.jpg 300w, https:\/\/mi-architecture.ma\/wp-content\/uploads\/03_image1-1024x351.jpg 1024w\" sizes=\"(max-width: 1900px) 100vw, 1900px\" \/><br \/>\n&nbsp;\n<\/div>\n","protected":false},"excerpt":{"rendered":"<p>&nbsp; Mountassir Ilyassa Architecture est une agence d\u2019architecture bas\u00e9e sur Casablanca. Elle prend sa place dans le d\u00e9bat architectural marocain : commandes, concours publics et priv\u00e9s, publications et enseignement p\u00e9dagogique. &nbsp; |\u00a0PHILOSOPHIE Au centre de nos pr\u00e9occupations se trouvent 3 \u00e9l\u00e9ments: les besoins du client et des usagers, le contexte physique du projet et le contexte culturel et historique. Nous avons la certitude que, pour r\u00e9pondre aux exigences actuelles et accompagner le d\u00e9veloppement acc\u00e9l\u00e9r\u00e9 du pays, l\u2019am\u00e9nageur, l\u2019urbaniste et l\u2019architecte devront penser et concevoir l\u2019espace en s\u2019inspirant des concepts urbains et architecturaux contemporains \u00e0 travers les diff\u00e9rentes r\u00e9alisations \u00e0 l\u2019\u00e9chelle internationale tout en les combinant avec les caract\u00e9ristiques de l\u2019h\u00e9ritage culturel du royaume. &nbsp; |\u00a0SAVOIR-FAIRE Actifs depuis 2000 apr\u00e8s une exp\u00e9rience fructueuse en Suisse, nous mettons notre savoir-faire acquis \u00e0 la disposition de nos clients d\u00e8s les premi\u00e8res esquisses jusqu\u2019\u00e0 la livraison tout en s\u2019adaptant au contexte marocain. Gr\u00e2ce \u00e0 un r\u00e9seau de partenaires experts, nous r\u00e9alisons divers projets dans de nombreux domaines sp\u00e9cifiques. &nbsp;<\/p>\n","protected":false},"author":1,"featured_media":0,"parent":0,"menu_order":0,"comment_status":"open","ping_status":"open","template":"","meta":[],"_links":{"self":[{"href":"https:\/\/mi-architecture.ma\/index.php?rest_route=\/wp\/v2\/pages\/2"}],"collection":[{"href":"https:\/\/mi-architecture.ma\/index.php?rest_route=\/wp\/v2\/pages"}],"about":[{"href":"https:\/\/mi-architecture.ma\/index.php?rest_route=\/wp\/v2\/types\/page"}],"author":[{"embeddable":true,"href":"https:\/\/mi-architecture.ma\/index.php?rest_route=\/wp\/v2\/users\/1"}],"replies":[{"embeddable":true,"href":"https:\/\/mi-architecture.ma\/index.php?rest_route=%2Fwp%2Fv2%2Fcomments&post=2"}],"version-history":[{"count":246,"href":"https:\/\/mi-architecture.ma\/index.php?rest_route=\/wp\/v2\/pages\/2\/revisions"}],"predecessor-version":[{"id":2126,"href":"https:\/\/mi-architecture.ma\/index.php?rest_route=\/wp\/v2\/pages\/2\/revisions\/2126"}],"wp:attachment":[{"href":"https:\/\/mi-architecture.ma\/index.php?rest_route=%2Fwp%2Fv2%2Fmedia&parent=2"}],"curies":[{"name":"wp","href":"https:\/\/api.w.org\/{rel}","templated":true}]}}