{"id":10,"date":"2018-03-22T01:51:33","date_gmt":"2018-03-22T00:51:33","guid":{"rendered":"http:\/\/mi-architecture.ma\/?page_id=10"},"modified":"2019-07-22T11:28:07","modified_gmt":"2019-07-22T10:28:07","slug":"l-e-q-u-i-p-e","status":"publish","type":"page","link":"https:\/\/mi-architecture.ma\/?page_id=10","title":{"rendered":"L&rsquo;EQUIPE"},"content":{"rendered":"<div>\n<span style=\"font-size: 26pt;\"><strong><span style=\"color: #000000;\"><span style=\"color: #ff0000;\">|<\/span> MOUNTASSIR ILYASSA<\/span><\/strong><\/span><\/p>\n<p style=\"text-align: justify;\"><span style=\"color: #000000; font-size: 14pt;\">L\u2019agence est administr\u00e9e par Mountassir Ilyassa, architecte DPLG.<\/span><\/p>\n<p style=\"text-align: justify;\"><span style=\"color: #000000; font-size: 14pt;\">N\u00e9 \u00e0 Agadir, il a \u00e9tudi\u00e9 \u00e0 Montpellier et Marseille et a travaill\u00e9 au sein du cabinet d\u2019architecture arb \u00e0 Berne de 1997 \u00e0 2000. Il a exerc\u00e9 plusieurs mandats en tant que tr\u00e9sorier g\u00e9n\u00e9ral et vice-pr\u00e9sident du Conseil de l\u2019Ordre des Architectes entre 2012 et 2017. Il est \u00e9galement professeur \u00e0 l\u2019Ecole Nationale d\u2019Architecture de Rabat.<\/span><\/p>\n<p style=\"text-align: justify;\"><img decoding=\"async\" loading=\"lazy\" class=\"alignnone wp-image-1778 size-full\" src=\"http:\/\/mi-architecture.ma\/wp-content\/uploads\/9.jpg\" alt=\"\" width=\"1900\" height=\"652\" srcset=\"https:\/\/mi-architecture.ma\/wp-content\/uploads\/9.jpg 1900w, https:\/\/mi-architecture.ma\/wp-content\/uploads\/9-300x102.jpg 300w, https:\/\/mi-architecture.ma\/wp-content\/uploads\/9-1024x351.jpg 1024w\" sizes=\"(max-width: 1900px) 100vw, 1900px\" \/><\/p>\n<p>&nbsp;<\/p>\n<\/div>\n<div><span style=\"font-size: 26pt;\"><strong><span style=\"color: #000000;\"><span style=\"color: #ff0000;\">|<\/span> EQUIPE PLURIDISCIPLINAIRE<\/span><\/strong><\/span><\/p>\n<p style=\"text-align: justify;\"><span style=\"color: #000000; font-size: 14pt;\">Le cabinet est en pleine expansion et compte maintenant\u00a06 personnes travaillant pour son compte ainsi que des partenaires consultants. Notre \u00e9quipe pluridisciplinaire regroupe des sp\u00e9cialistes (architectes, dessinateur-projeteur en b\u00e2timent, \u2026) motiv\u00e9s, d\u00e9vou\u00e9s et engag\u00e9s, ayant l\u2019expertise n\u00e9cessaire, au courant des enjeux du march\u00e9 de travail, connaissant le Maroc et habitu\u00e9s aux interlocuteurs internationaux.<\/span><\/p>\n<p style=\"text-align: justify;\"><span style=\"color: #000000; font-size: 14pt;\">S\u2019inscrivant dans une optique de transmission et de partage, l\u2019agence recrute de jeunes \u00e9tudiants en architecture, passionn\u00e9s, motiv\u00e9s et ayant une soif d\u2019apprendre et d\u2019entreprendre.<\/span><\/p>\n<p style=\"text-align: justify;\"><img decoding=\"async\" loading=\"lazy\" class=\"alignnone wp-image-1881 size-full\" src=\"http:\/\/mi-architecture.ma\/wp-content\/uploads\/112.jpg\" alt=\"\" width=\"1900\" height=\"652\" srcset=\"https:\/\/mi-architecture.ma\/wp-content\/uploads\/112.jpg 1900w, https:\/\/mi-architecture.ma\/wp-content\/uploads\/112-300x102.jpg 300w, https:\/\/mi-architecture.ma\/wp-content\/uploads\/112-1024x351.jpg 1024w\" sizes=\"(max-width: 1900px) 100vw, 1900px\" \/><\/p>\n<p>&nbsp;<\/p>\n<\/div>\n<div><span style=\"font-size: 26pt;\"><strong><span style=\"color: #000000;\"><span style=\"color: #ff0000;\">|<\/span> SYNERGIE ET COHESION<\/span><\/strong><\/span><\/p>\n<p style=\"text-align: justify;\"><span style=\"color: #000000; font-size: 14pt;\">Mountassir Ilyassa Architecture est avant tout une \u00e9quipe pluridisciplinaire, une force en mouvement, dynamique et motiv\u00e9e. Notre \u00e9quipe est compos\u00e9e de divers professionnels ayant des sp\u00e9cialit\u00e9s diff\u00e9rentes, tous r\u00e9unis pour cr\u00e9er, innover, collaborer et r\u00e9fl\u00e9chir collectivement et conjointement dans le souci de r\u00e9pondre parfaitement aux attentes et aspirations d\u2019une client\u00e8le diversifi\u00e9e et assurer sa satisfaction.<\/span><\/p>\n<p style=\"text-align: justify;\"><img decoding=\"async\" loading=\"lazy\" class=\"alignnone wp-image-1885 size-full\" src=\"http:\/\/mi-architecture.ma\/wp-content\/uploads\/132.jpg\" alt=\"\" width=\"1900\" height=\"652\" srcset=\"https:\/\/mi-architecture.ma\/wp-content\/uploads\/132.jpg 1900w, https:\/\/mi-architecture.ma\/wp-content\/uploads\/132-300x102.jpg 300w, https:\/\/mi-architecture.ma\/wp-content\/uploads\/132-1024x351.jpg 1024w\" sizes=\"(max-width: 1900px) 100vw, 1900px\" \/><\/p>\n<p>&nbsp;<\/p>\n<\/div>\n","protected":false},"excerpt":{"rendered":"<p>| MOUNTASSIR ILYASSA L\u2019agence est administr\u00e9e par Mountassir Ilyassa, architecte DPLG. N\u00e9 \u00e0 Agadir, il a \u00e9tudi\u00e9 \u00e0 Montpellier et Marseille et a travaill\u00e9 au sein du cabinet d\u2019architecture arb \u00e0 Berne de 1997 \u00e0 2000. Il a exerc\u00e9 plusieurs mandats en tant que tr\u00e9sorier g\u00e9n\u00e9ral et vice-pr\u00e9sident du Conseil de l\u2019Ordre des Architectes entre 2012 et 2017. Il est \u00e9galement professeur \u00e0 l\u2019Ecole Nationale d\u2019Architecture de Rabat. &nbsp; | EQUIPE PLURIDISCIPLINAIRE Le cabinet est en pleine expansion et compte maintenant\u00a06 personnes travaillant pour son compte ainsi que des partenaires consultants. Notre \u00e9quipe pluridisciplinaire regroupe des sp\u00e9cialistes (architectes, dessinateur-projeteur en b\u00e2timent, \u2026) motiv\u00e9s, d\u00e9vou\u00e9s et engag\u00e9s, ayant l\u2019expertise n\u00e9cessaire, au courant des enjeux du march\u00e9 de travail, connaissant le Maroc et habitu\u00e9s aux interlocuteurs internationaux. S\u2019inscrivant dans une optique de transmission et de partage, l\u2019agence recrute de jeunes \u00e9tudiants en architecture, passionn\u00e9s, motiv\u00e9s et ayant une soif d\u2019apprendre et d\u2019entreprendre. &nbsp; | SYNERGIE ET COHESION Mountassir Ilyassa Architecture est avant tout une \u00e9quipe pluridisciplinaire, une force en mouvement, dynamique et motiv\u00e9e. Notre \u00e9quipe est compos\u00e9e de divers professionnels ayant des sp\u00e9cialit\u00e9s diff\u00e9rentes, tous r\u00e9unis pour cr\u00e9er, innover, collaborer et r\u00e9fl\u00e9chir collectivement et conjointement dans le souci de r\u00e9pondre parfaitement aux attentes et aspirations d\u2019une client\u00e8le diversifi\u00e9e et assurer sa satisfaction. &nbsp;<\/p>\n","protected":false},"author":1,"featured_media":0,"parent":0,"menu_order":0,"comment_status":"open","ping_status":"open","template":"","meta":[],"_links":{"self":[{"href":"https:\/\/mi-architecture.ma\/index.php?rest_route=\/wp\/v2\/pages\/10"}],"collection":[{"href":"https:\/\/mi-architecture.ma\/index.php?rest_route=\/wp\/v2\/pages"}],"about":[{"href":"https:\/\/mi-architecture.ma\/index.php?rest_route=\/wp\/v2\/types\/page"}],"author":[{"embeddable":true,"href":"https:\/\/mi-architecture.ma\/index.php?rest_route=\/wp\/v2\/users\/1"}],"replies":[{"embeddable":true,"href":"https:\/\/mi-architecture.ma\/index.php?rest_route=%2Fwp%2Fv2%2Fcomments&post=10"}],"version-history":[{"count":94,"href":"https:\/\/mi-architecture.ma\/index.php?rest_route=\/wp\/v2\/pages\/10\/revisions"}],"predecessor-version":[{"id":1989,"href":"https:\/\/mi-architecture.ma\/index.php?rest_route=\/wp\/v2\/pages\/10\/revisions\/1989"}],"wp:attachment":[{"href":"https:\/\/mi-architecture.ma\/index.php?rest_route=%2Fwp%2Fv2%2Fmedia&parent=10"}],"curies":[{"name":"wp","href":"https:\/\/api.w.org\/{rel}","templated":true}]}}